{"id":1311,"date":"2023-06-29T07:50:12","date_gmt":"2023-06-29T07:50:12","guid":{"rendered":"https:\/\/demosites.io\/online-course-2-gb\/?page_id=4"},"modified":"2026-01-26T16:54:25","modified_gmt":"2026-01-26T15:54:25","slug":"ec3e5-homepage","status":"publish","type":"page","link":"https:\/\/chaple.de\/","title":{"rendered":"Homepage"},"content":{"rendered":"\n<div id=\"wp-block-themeisle-blocks-advanced-columns-35825447\" class=\"wp-block-themeisle-blocks-advanced-columns alignfull has-2-columns has-desktop-equal-layout has-tablet-equal-layout has-mobile-collapsedRows-layout has-vertical-unset has-vertical-undefined ticss-c00aadba has-light-bg\"><div class=\"wp-block-themeisle-blocks-advanced-columns-overlay\"><\/div><div class=\"innerblocks-wrap\">\n<div id=\"wp-block-themeisle-blocks-advanced-column-ed1b12ac\" class=\"wp-block-themeisle-blocks-advanced-column\">\n<p id=\"wp-block-themeisle-blocks-advanced-heading-b3a7a178\" class=\"wp-block-themeisle-blocks-advanced-heading wp-block-themeisle-blocks-advanced-heading-b3a7a178\">chaple<\/p>\n\n\n\n<h1 class=\"wp-block-heading has-48-px-font-size\">Der digitale Zugang zum gr\u00f6\u00dften analogen Netzwerk der Welt<\/h1>\n\n\n\n<p class=\"has-neve-text-color-color has-text-color has-link-color wp-elements-4fd9d989de9a6549c0a20140c7f100a6\">Die christliche Welt ist riesig \u2013 aber digital kaum vernetzt.<\/p>\n\n\n\n<p>chaple entwickelt eine offene App, die christliche Gruppen, Gemeinden und Menschen sichtbar verbindet.<\/p>\n\n\n\n<p>Finde Angebote, vernetze dich direkt und werde Teil einer lebendigen Gemeinschaft.<\/p>\n\n\n\n<p class=\"has-neve-text-color-color has-text-color has-link-color wp-elements-0da3a33d7e8d0f46f92dbd6361aab572\">Mach mit und gestalte Kirche im 21. Jahrhundert.<\/p>\n\n\n\n<div class=\"wp-block-buttons is-layout-flex wp-block-buttons-is-layout-flex\">\n<div class=\"wp-block-button is-style-primary\"><a class=\"wp-block-button__link wp-element-button\" href=\"https:\/\/chaple.de\/index.php\/ec3e5-contact\/\" style=\"border-radius:8px\">Sei dabei!<\/a><\/div>\n<\/div>\n<\/div>\n\n\n\n<div id=\"wp-block-themeisle-blocks-advanced-column-fedc9d47\" class=\"wp-block-themeisle-blocks-advanced-column\">\n<figure class=\"wp-block-image size-full wp-duotone-unset-1\"><img loading=\"lazy\" decoding=\"async\" width=\"556\" height=\"806\" src=\"https:\/\/entwurf.chaple.de\/wp-content\/uploads\/2025\/12\/ausschnitt-leipzig.png\" alt=\"\" class=\"wp-image-1429\" srcset=\"https:\/\/chaple.de\/wp-content\/uploads\/2025\/12\/ausschnitt-leipzig.png 556w, https:\/\/chaple.de\/wp-content\/uploads\/2025\/12\/ausschnitt-leipzig-207x300.png 207w\" sizes=\"auto, (max-width: 556px) 100vw, 556px\" \/><\/figure>\n<\/div>\n<\/div><\/div>\n\n\n\n<div id=\"wp-block-themeisle-blocks-advanced-columns-86a10f83\" class=\"wp-block-themeisle-blocks-advanced-columns alignfull has-1-columns has-desktop-equal-layout has-tablet-equal-layout has-mobile-collapsedRows-layout has-vertical-top ticss-c00aadba\"><div class=\"wp-block-themeisle-blocks-advanced-columns-overlay\"><\/div><div class=\"innerblocks-wrap\">\n<div id=\"wp-block-themeisle-blocks-advanced-column-5eb878a0\" class=\"wp-block-themeisle-blocks-advanced-column\">\n<p><\/p>\n\n\n\n<div id=\"wp-block-themeisle-blocks-advanced-columns-f80470ee\" class=\"wp-block-themeisle-blocks-advanced-columns has-2-columns has-desktop-equal-layout has-tablet-equal-layout has-mobile-collapsedRows-layout has-vertical-center has-light-bg\"><div class=\"wp-block-themeisle-blocks-advanced-columns-overlay\"><\/div><div class=\"innerblocks-wrap\">\n<div id=\"wp-block-themeisle-blocks-advanced-column-8614430a\" class=\"wp-block-themeisle-blocks-advanced-column has-light-bg\">\n<div class=\"wp-block-group is-vertical is-layout-flex wp-container-core-group-is-layout-8cf370e7 wp-block-group-is-layout-flex\">\n<h2 id=\"wp-block-themeisle-blocks-advanced-heading-4a75b751\" class=\"wp-block-themeisle-blocks-advanced-heading wp-block-themeisle-blocks-advanced-heading-4a75b751\">Warum chaple?<\/h2>\n\n\n\n<p>Christliche Aktivit\u00e4ten finden \u00fcberall statt \u2013 aber digital sind sie oft schwer auffindbar.<\/p>\n\n\n\n<ul class=\"wp-block-list\">\n<li>Informationen sind verstreut oder veraltet<\/li>\n\n\n\n<li>Kommunikation l\u00e4uft oft \u00fcber Umwege oder als Einbahnstra\u00dfe<\/li>\n\n\n\n<li>Gruppen und Angebote sind f\u00fcr Au\u00dfenstehende kaum sichtbar<\/li>\n\n\n\n<li>Digitale Tools sind komplex oder nicht kompatibel<\/li>\n<\/ul>\n\n\n\n<p><strong>chaple schafft eine gemeinsame, offene L\u00f6sung.<\/strong><\/p>\n<\/div>\n<\/div>\n\n\n\n<div id=\"wp-block-themeisle-blocks-advanced-column-aeb75e3d\" class=\"wp-block-themeisle-blocks-advanced-column has-dark-bg\">\n<div class=\"wp-block-group is-vertical is-layout-flex wp-container-core-group-is-layout-8cf370e7 wp-block-group-is-layout-flex\">\n<h2 id=\"wp-block-themeisle-blocks-advanced-heading-73a6b4e8\" class=\"wp-block-themeisle-blocks-advanced-heading wp-block-themeisle-blocks-advanced-heading-73a6b4e8\">Beispiel:<\/h2>\n\n\n\n<div id=\"wp-block-themeisle-blocks-advanced-columns-a5d8ab8a\" class=\"wp-block-themeisle-blocks-advanced-columns has-1-columns has-desktop-equal-layout has-tablet-equal-layout has-mobile-equal-layout has-vertical-unset\"><div class=\"wp-block-themeisle-blocks-advanced-columns-overlay\"><\/div><div class=\"innerblocks-wrap\">\n<div id=\"wp-block-themeisle-blocks-advanced-column-96a1a281\" class=\"wp-block-themeisle-blocks-advanced-column\">\n<p>Du bist in einer fremden Stadt und suchst einen Gottesdienst.<\/p>\n<\/div>\n<\/div><\/div>\n\n\n\n<ul class=\"wp-block-list\">\n<li class=\"has-nv-site-bg-color has-text-color has-link-color wp-elements-95dcb65a38e3473d1889eec52d0f2544\">Hoffentlich ist die Webseite der \u00f6rtlichen Gemeinde gut gepflegt&#8230;.<\/li>\n\n\n\n<li class=\"has-nv-site-bg-color has-text-color has-link-color wp-elements-a420ccbb95e4df71d9caa92928680aa4\">&#8230; und Du kennst die richtigen Suchbegriffe &#8230;<\/li>\n\n\n\n<li class=\"has-nv-site-bg-color has-text-color has-link-color wp-elements-331f18c1b80345b4e42b1a739df917c4\">&#8230; und den Namen des Stadtteils &#8230;.<\/li>\n\n\n\n<li>&#8230; und der \u00f6rtlichen Gemeinde.<\/li>\n<\/ul>\n\n\n\n<p><\/p>\n\n\n\n<p><\/p>\n\n\n\n<p><\/p>\n\n\n\n<div style=\"height:0px\" aria-hidden=\"true\" class=\"wp-block-spacer wp-container-content-728072c3\"><\/div>\n<\/div>\n<\/div>\n<\/div><\/div>\n\n\n\n<p><\/p>\n\n\n\n<div id=\"wp-block-themeisle-blocks-advanced-columns-9f2bfff6\" class=\"wp-block-themeisle-blocks-advanced-columns has-1-columns has-desktop-equal-layout has-tablet-equal-layout has-mobile-equal-layout has-vertical-center has-light-bg\"><div class=\"wp-block-themeisle-blocks-advanced-columns-overlay\"><\/div><div class=\"innerblocks-wrap\">\n<div id=\"wp-block-themeisle-blocks-advanced-column-08a24f48\" class=\"wp-block-themeisle-blocks-advanced-column\">\n<div id=\"wp-block-themeisle-blocks-advanced-columns-487234a4\" class=\"wp-block-themeisle-blocks-advanced-columns has-1-columns has-desktop-equal-layout has-tablet-equal-layout has-mobile-equal-layout has-vertical-unset\"><div class=\"wp-block-themeisle-blocks-advanced-columns-overlay\"><\/div><div class=\"innerblocks-wrap\">\n<div id=\"wp-block-themeisle-blocks-advanced-column-d063d255\" class=\"wp-block-themeisle-blocks-advanced-column\">\n<h2 class=\"wp-block-heading\">Unsere L\u00f6sung: die chaple-App<\/h2>\n\n\n\n<p>chaple baut eine open-source-App, die die analoge christliche Welt digital vernetzt.<\/p>\n\n\n\n<p>Was die App kann:<\/p>\n\n\n\n<ul class=\"wp-block-list\">\n<li><strong>Karte mit christlichen Angeboten<\/strong><br>Gottesdienste, Gruppen, Events \u2013 sichtbar, filterbar, aktuell<\/li>\n\n\n\n<li><strong>Gruppen &amp; Termine organisieren<\/strong><br>Direkt in der App, einfach und ohne Umwege<\/li>\n\n\n\n<li><strong>Chat &amp; Austausch<\/strong><br>Kommunikation zwischen Mitgliedern und Interessierten<\/li>\n\n\n\n<li><strong>Ressourcen verwalten<\/strong><br>R\u00e4ume, Kalender, Kontakte an einem Ort<\/li>\n<\/ul>\n\n\n\n<p><\/p>\n\n\n\n<p><strong>Analog treffen \u2013 digital verbinden.<\/strong><\/p>\n<\/div>\n<\/div><\/div>\n<\/div>\n<\/div><\/div>\n\n\n\n<div id=\"wp-block-themeisle-blocks-advanced-columns-8fd9959c\" class=\"wp-block-themeisle-blocks-advanced-columns has-1-columns has-desktop-equal-layout has-tablet-equal-layout has-mobile-equal-layout has-vertical-unset\"><div class=\"wp-block-themeisle-blocks-advanced-columns-overlay\"><\/div><div class=\"innerblocks-wrap\">\n<div id=\"wp-block-themeisle-blocks-advanced-column-85cbdf87\" class=\"wp-block-themeisle-blocks-advanced-column\">\n<div id=\"wp-block-themeisle-blocks-advanced-columns-f35aa462\" class=\"wp-block-themeisle-blocks-advanced-columns has-1-columns has-desktop-equal-layout has-tablet-equal-layout has-mobile-equal-layout has-vertical-unset\"><div class=\"wp-block-themeisle-blocks-advanced-columns-overlay\"><\/div><div class=\"innerblocks-wrap\">\n<div id=\"wp-block-themeisle-blocks-advanced-column-fc773b80\" class=\"wp-block-themeisle-blocks-advanced-column\">\n<p><\/p>\n\n\n\n<div class=\"wp-block-columns is-layout-flex wp-container-core-columns-is-layout-9d6595d7 wp-block-columns-is-layout-flex\">\n<div class=\"wp-block-column is-layout-flow wp-block-column-is-layout-flow\" style=\"flex-basis:100%\">\n<div id=\"wp-block-themeisle-blocks-advanced-columns-00468a8b\" class=\"wp-block-themeisle-blocks-advanced-columns has-1-columns has-desktop-equal-layout has-tablet-equal-layout has-mobile-equal-layout has-vertical-center has-light-bg\"><div class=\"wp-block-themeisle-blocks-advanced-columns-overlay\"><\/div><div class=\"innerblocks-wrap\">\n<div id=\"wp-block-themeisle-blocks-advanced-column-b5cbe086\" class=\"wp-block-themeisle-blocks-advanced-column\">\n<div id=\"wp-block-themeisle-blocks-advanced-columns-d94537ef\" class=\"wp-block-themeisle-blocks-advanced-columns has-1-columns has-desktop-equal-layout has-tablet-equal-layout has-mobile-equal-layout has-vertical-unset\"><div class=\"wp-block-themeisle-blocks-advanced-columns-overlay\"><\/div><div class=\"innerblocks-wrap\">\n<div id=\"wp-block-themeisle-blocks-advanced-column-0c9d058d\" class=\"wp-block-themeisle-blocks-advanced-column\">\n<h2 class=\"wp-block-heading\">F\u00fcr wen ist die App?<\/h2>\n\n\n\n<div class=\"wp-block-columns is-layout-flex wp-container-core-columns-is-layout-9d6595d7 wp-block-columns-is-layout-flex\">\n<div class=\"wp-block-column is-layout-flow wp-block-column-is-layout-flow\">\n<div id=\"wp-block-themeisle-blocks-advanced-columns-ead19fb7\" class=\"wp-block-themeisle-blocks-advanced-columns has-1-columns has-desktop-equal-layout has-tablet-equal-layout has-mobile-equal-layout has-vertical-unset\"><div class=\"wp-block-themeisle-blocks-advanced-columns-overlay\"><\/div><div class=\"innerblocks-wrap\">\n<div id=\"wp-block-themeisle-blocks-advanced-column-7109bf59\" class=\"wp-block-themeisle-blocks-advanced-column\">\n<h4 class=\"wp-block-heading\">F\u00fcr Gemeinden und Verantwortliche<\/h4>\n\n\n\n<ul class=\"wp-block-list\">\n<li>Weniger Verwaltungs- und Kommunikationsaufwand<\/li>\n\n\n\n<li>Aktuelle Sichtbarkeit der eigenen Angebote<\/li>\n\n\n\n<li>Datenschutzkonforme Kommunikation<\/li>\n\n\n\n<li>Keine Abh\u00e4ngigkeit von Gemeindebriefen oder B\u00fcrozeiten<\/li>\n<\/ul>\n\n\n\n<p><\/p>\n\n\n\n<h4 class=\"wp-block-heading\">F\u00fcr Mitglieder und Interessierte<\/h4>\n\n\n\n<ul class=\"wp-block-list\">\n<li>Angebote schnell finden<\/li>\n\n\n\n<li>Direkt teilnehmen oder Kontakt aufnehmen<\/li>\n\n\n\n<li>Niedrigschwelliger Einstieg in Gruppen und Gemeinschaft<\/li>\n<\/ul>\n<\/div>\n<\/div><\/div>\n<\/div>\n<\/div>\n<\/div>\n<\/div><\/div>\n<\/div>\n<\/div><\/div>\n<\/div>\n<\/div>\n\n\n\n<div id=\"wp-block-themeisle-blocks-advanced-columns-e1bb3286\" class=\"wp-block-themeisle-blocks-advanced-columns has-1-columns has-desktop-equal-layout has-tablet-equal-layout has-mobile-equal-layout has-vertical-center has-light-bg\"><div class=\"wp-block-themeisle-blocks-advanced-columns-overlay\"><\/div><div class=\"innerblocks-wrap\">\n<div id=\"wp-block-themeisle-blocks-advanced-column-eb8f0db5\" class=\"wp-block-themeisle-blocks-advanced-column\">\n<div id=\"wp-block-themeisle-blocks-advanced-columns-75ca4077\" class=\"wp-block-themeisle-blocks-advanced-columns has-1-columns has-desktop-equal-layout has-tablet-equal-layout has-mobile-equal-layout has-vertical-unset\"><div class=\"wp-block-themeisle-blocks-advanced-columns-overlay\"><\/div><div class=\"innerblocks-wrap\">\n<div id=\"wp-block-themeisle-blocks-advanced-column-c2358565\" class=\"wp-block-themeisle-blocks-advanced-column\">\n<h2 class=\"wp-block-heading\">Warum mitmachen?<\/h2>\n\n\n\n<p>chaple ist mehr als eine App.<br>Es ist eine Initiative, die Kirche digital weiterdenkt \u2013 offen, gemeinschaftlich und zukunftsf\u00e4hig.<\/p>\n\n\n\n<ul class=\"wp-block-list\">\n<li>unabh\u00e4ngig und \u00fcberkonfessionell<\/li>\n\n\n\n<li>gemeinn\u00fctzig und nicht profitorientiert<\/li>\n\n\n\n<li>open-source und transparent<\/li>\n\n\n\n<li>von der Basis f\u00fcr die Basis<\/li>\n<\/ul>\n\n\n\n<p><\/p>\n\n\n\n<p><strong>Wir glauben: Die Zukunft christlicher Aktivit\u00e4ten bleibt analog. Die Vernetzung wird digital.<\/strong><\/p>\n<\/div>\n<\/div><\/div>\n<\/div>\n<\/div><\/div>\n<\/div>\n<\/div><\/div>\n<\/div>\n<\/div><\/div>\n\n\n\n<div id=\"wp-block-themeisle-blocks-advanced-columns-237c0577\" class=\"wp-block-themeisle-blocks-advanced-columns has-1-columns has-desktop-equal-layout has-tablet-equal-layout has-mobile-equal-layout has-vertical-top has-light-bg\"><div class=\"wp-block-themeisle-blocks-advanced-columns-overlay\"><\/div><div class=\"innerblocks-wrap\">\n<div id=\"wp-block-themeisle-blocks-advanced-column-b3d4d264\" class=\"wp-block-themeisle-blocks-advanced-column\">\n<div id=\"wp-block-themeisle-blocks-advanced-columns-51ed672c\" class=\"wp-block-themeisle-blocks-advanced-columns has-1-columns has-desktop-equal-layout has-tablet-equal-layout has-mobile-equal-layout has-vertical-unset\"><div class=\"wp-block-themeisle-blocks-advanced-columns-overlay\"><\/div><div class=\"innerblocks-wrap\">\n<div id=\"wp-block-themeisle-blocks-advanced-column-26a1c91e\" class=\"wp-block-themeisle-blocks-advanced-column\">\n<h2 class=\"wp-block-heading\">Wir bauen chaple gemeinsam<\/h2>\n\n\n\n<p>Das Projekt lebt von Menschen, die ihre Gaben und Ideen einbringen wollen.<\/p>\n\n\n\n<h4 class=\"wp-block-heading\">Wir brauchen Dich als<\/h4>\n\n\n\n<div id=\"wp-block-themeisle-blocks-advanced-columns-27417ca3\" class=\"wp-block-themeisle-blocks-advanced-columns has-2-columns has-desktop-equal-layout has-tablet-equal-layout has-mobile-collapsedRows-layout has-vertical-unset\"><div class=\"wp-block-themeisle-blocks-advanced-columns-overlay\"><\/div><div class=\"innerblocks-wrap\">\n<div id=\"wp-block-themeisle-blocks-advanced-column-0acce26a\" class=\"wp-block-themeisle-blocks-advanced-column\">\n<h4 class=\"wp-block-heading\">Frontend-<br>Entwickler <br>(m\/w\/d)<\/h4>\n\n\n\n<div class=\"wp-block-file\"><a id=\"wp-block-file--media-cff244dd-32f2-4c4a-acb4-844db965477a\" href=\"https:\/\/chaple.de\/wp-content\/uploads\/2025\/12\/Ausschreibung-001.pdf\">Stellenbeschreibung<\/a><\/div>\n<\/div>\n\n\n\n<div id=\"wp-block-themeisle-blocks-advanced-column-c75567d4\" class=\"wp-block-themeisle-blocks-advanced-column\">\n<h4 class=\"wp-block-heading\">Backend-<br>Entwickler<br>(m\/w\/d)<\/h4>\n\n\n\n<div class=\"wp-block-file\"><a id=\"wp-block-file--media-c6c51b8f-7474-4928-88b0-bc1759b58d69\" href=\"https:\/\/chaple.de\/wp-content\/uploads\/2025\/12\/Ausschreibung-002.pdf\">Stellenbeschreibung<\/a><\/div>\n<\/div>\n<\/div><\/div>\n\n\n\n<div id=\"wp-block-themeisle-blocks-advanced-columns-a111f95e\" class=\"wp-block-themeisle-blocks-advanced-columns has-2-columns has-desktop-equal-layout has-tablet-equal-layout has-mobile-collapsedRows-layout has-vertical-unset\"><div class=\"wp-block-themeisle-blocks-advanced-columns-overlay\"><\/div><div class=\"innerblocks-wrap\">\n<div id=\"wp-block-themeisle-blocks-advanced-column-460ee72a\" class=\"wp-block-themeisle-blocks-advanced-column\">\n<h4 class=\"wp-block-heading\">Mitarbeiter <br>\u00d6ffentlichkeitsarbeit<br>(m\/w\/d)<\/h4>\n\n\n\n<div class=\"wp-block-file\"><a id=\"wp-block-file--media-ad75f8a1-4554-479a-a860-ee33dbd15af7\" href=\"https:\/\/chaple.de\/wp-content\/uploads\/2025\/12\/Ausschreibung-003.pdf\">Stellenbeschreibung<\/a><\/div>\n<\/div>\n\n\n\n<div id=\"wp-block-themeisle-blocks-advanced-column-d5cc10c8\" class=\"wp-block-themeisle-blocks-advanced-column\">\n<h4 class=\"wp-block-heading\">Mitarbeiter<br>Grafik &amp; Design<br>(m\/w\/d)<\/h4>\n\n\n\n<div class=\"wp-block-file\"><a id=\"wp-block-file--media-faa2e9b9-f8a5-4503-baa9-1bb24e7f5536\" href=\"https:\/\/chaple.de\/wp-content\/uploads\/2026\/01\/ausschreibung-grafik.pdf\">Stellenbeschreibung<\/a><\/div>\n<\/div>\n<\/div><\/div>\n\n\n\n<p><\/p>\n\n\n\n<p><strong>Egal ob viel Zeit oder wenig \u2013 jede Unterst\u00fctzung z\u00e4hlt.<\/strong> <strong>Wir freuen uns auf Dich!<\/strong> <\/p>\n\n\n\n<div class=\"wp-block-buttons is-layout-flex wp-block-buttons-is-layout-flex\">\n<div class=\"wp-block-button is-style-primary\"><a class=\"wp-block-button__link wp-element-button\" href=\"https:\/\/chaple.de\/index.php\/ec3e5-contact\/\" style=\"border-radius:8px\">Sei dabei!<\/a><\/div>\n<\/div>\n<\/div>\n<\/div><\/div>\n<\/div>\n<\/div><\/div>\n<\/div>\n<\/div><\/div>\n\n\n\n<div id=\"wp-block-themeisle-blocks-advanced-columns-a87d7f8f\" class=\"wp-block-themeisle-blocks-advanced-columns has-1-columns has-desktop-equal-layout has-tablet-equal-layout has-mobile-equal-layout has-vertical-unset\"><div class=\"wp-block-themeisle-blocks-advanced-columns-overlay\"><\/div><div class=\"innerblocks-wrap\">\n<div id=\"wp-block-themeisle-blocks-advanced-column-8f260f3a\" class=\"wp-block-themeisle-blocks-advanced-column\"><\/div>\n<\/div><\/div>\n\n\n\n<p><\/p>\n","protected":false},"excerpt":{"rendered":"","protected":false},"author":1,"featured_media":0,"parent":0,"menu_order":0,"comment_status":"closed","ping_status":"closed","template":"page-templates\/template-pagebuilder-full-width.php","meta":{"neve_meta_sidebar":"","neve_meta_container":"","neve_meta_enable_content_width":"","neve_meta_content_width":0,"neve_meta_title_alignment":"","neve_meta_author_avatar":"","neve_post_elements_order":"","neve_meta_disable_header":"","neve_meta_disable_footer":"","neve_meta_disable_title":"on","_themeisle_gutenberg_block_has_review":false,"footnotes":""},"class_list":["post-1311","page","type-page","status-publish","hentry"],"_links":{"self":[{"href":"https:\/\/chaple.de\/index.php\/wp-json\/wp\/v2\/pages\/1311","targetHints":{"allow":["GET"]}}],"collection":[{"href":"https:\/\/chaple.de\/index.php\/wp-json\/wp\/v2\/pages"}],"about":[{"href":"https:\/\/chaple.de\/index.php\/wp-json\/wp\/v2\/types\/page"}],"author":[{"embeddable":true,"href":"https:\/\/chaple.de\/index.php\/wp-json\/wp\/v2\/users\/1"}],"replies":[{"embeddable":true,"href":"https:\/\/chaple.de\/index.php\/wp-json\/wp\/v2\/comments?post=1311"}],"version-history":[{"count":80,"href":"https:\/\/chaple.de\/index.php\/wp-json\/wp\/v2\/pages\/1311\/revisions"}],"predecessor-version":[{"id":1535,"href":"https:\/\/chaple.de\/index.php\/wp-json\/wp\/v2\/pages\/1311\/revisions\/1535"}],"wp:attachment":[{"href":"https:\/\/chaple.de\/index.php\/wp-json\/wp\/v2\/media?parent=1311"}],"curies":[{"name":"wp","href":"https:\/\/api.w.org\/{rel}","templated":true}]}}